{"id":5093,"date":"2017-09-05T15:57:01","date_gmt":"2017-09-05T13:57:01","guid":{"rendered":"http:\/\/praxis-gerschlauer.de\/?page_id=5093\/"},"modified":"2025-10-29T19:13:00","modified_gmt":"2025-10-29T18:13:00","slug":"team-2","status":"publish","type":"page","link":"https:\/\/praxis-gerschlauer.de\/en\/team-2\/","title":{"rendered":"Team"},"content":{"rendered":"<section class=\"l-section wpb_row topabstand_no height_medium\"><div class=\"l-section-h i-cf\"><div class=\"g-cols vc_row via_flex valign_top type_default stacking_default\"><div class=\"vc_col-sm-12 wpb_column vc_column_container\"><div class=\"vc_column-inner\"><div class=\"wpb_wrapper\"><div class=\"wpb_text_column\"><div class=\"wpb_wrapper\"><h1 style=\"text-align: center;\">Our team<\/h1>\n<\/div><\/div><div class=\"w-separator size_small with_line width_30 thick_1 style_solid color_border align_center with_content\"><div class=\"w-separator-h\"><i class=\"fas fa-star\"><\/i><\/div><\/div><div class=\"g-cols wpb_row via_flex valign_top type_default stacking_default\"><div class=\"vc_col-sm-6 wpb_column vc_column_container\"><div class=\"vc_column-inner\"><div class=\"wpb_wrapper\"><div class=\"w-person layout_circle with_desc\" itemscope itemtype=\"https:\/\/schema.org\/Person\"><div class=\"w-person-image\"><a title=\"Erfahren Sie mehr \u00fcber Kinderarzt Dr. med. Axel Gerschlauer\" href=\"http:\/\/praxis-gerschlauer.de\/kinderarzt-dr-med-gerschlauer\/\" class=\"w-person-link\" aria-label=\"Dr. med. Axel Gerschlauer\"><img loading=\"lazy\" decoding=\"async\" width=\"600\" height=\"600\" src=\"https:\/\/praxis-gerschlauer.de\/wpcms\/wp-content\/uploads\/2022\/01\/Gerschlauer_TEAM_AG1.png\" class=\"attachment-large size-large\" alt=\"Dr. Axel Gerschlauer\" itemprop=\"image\" srcset=\"https:\/\/praxis-gerschlauer.de\/wpcms\/wp-content\/uploads\/2022\/01\/Gerschlauer_TEAM_AG1.png 600w, https:\/\/praxis-gerschlauer.de\/wpcms\/wp-content\/uploads\/2022\/01\/Gerschlauer_TEAM_AG1-300x300.png 300w, https:\/\/praxis-gerschlauer.de\/wpcms\/wp-content\/uploads\/2022\/01\/Gerschlauer_TEAM_AG1-150x150.png 150w, https:\/\/praxis-gerschlauer.de\/wpcms\/wp-content\/uploads\/2022\/01\/Gerschlauer_TEAM_AG1-350x350.png 350w\" sizes=\"auto, (max-width: 600px) 100vw, 600px\" \/><\/a><\/div><div class=\"w-person-content\"><h4 itemprop=\"name\" class=\"w-person-name\"><a title=\"Erfahren Sie mehr \u00fcber Kinderarzt Dr. med. Axel Gerschlauer\" href=\"http:\/\/praxis-gerschlauer.de\/kinderarzt-dr-med-gerschlauer\/\" class=\"w-person-link\" aria-label=\"Dr. med. Axel Gerschlauer\"><span>Dr. med. Axel Gerschlauer<\/span><\/a><\/h4><div class=\"w-person-role\" itemprop=\"jobTitle\">Facharzt f\u00fcr Kinder- und Jugendmedizin<\/div><div class=\"w-person-description\" itemprop=\"description\"><p><span class=\"--l --r sentence_highlight\">In Bonn-S\u00fcdstadt since 2006<br \/>\n<\/span><span class=\"--l --r sentence_highlight\">Learn more about pediatrician<br \/>\n<\/span><a href=\"https:\/\/praxis-gerschlauer.de\/en\/kinderarzt-dr-med-axel-gerschlauer\/\">Dr. med. Axel Gerschlauer &#8230;<\/a><\/p>\n<\/div><\/div><\/div><\/div><\/div><\/div><div class=\"vc_col-sm-6 wpb_column vc_column_container\"><div class=\"vc_column-inner\"><div class=\"wpb_wrapper\"><div class=\"w-person layout_circle with_desc\" itemscope itemtype=\"https:\/\/schema.org\/Person\"><div class=\"w-person-image\"><a href=\"http:\/\/praxis-gerschlauer.de\/kinderaerztin-dr-med-nora-bandur\/\" class=\"w-person-link\" aria-label=\"Dr. med. Nora Bandur\"><img loading=\"lazy\" decoding=\"async\" width=\"600\" height=\"600\" src=\"https:\/\/praxis-gerschlauer.de\/wpcms\/wp-content\/uploads\/2022\/01\/Gerschlauer_TEAM_NB.jpg\" class=\"attachment-large size-large\" alt=\"Dr. Nora Bandur\" itemprop=\"image\" srcset=\"https:\/\/praxis-gerschlauer.de\/wpcms\/wp-content\/uploads\/2022\/01\/Gerschlauer_TEAM_NB.jpg 600w, https:\/\/praxis-gerschlauer.de\/wpcms\/wp-content\/uploads\/2022\/01\/Gerschlauer_TEAM_NB-300x300.jpg 300w, https:\/\/praxis-gerschlauer.de\/wpcms\/wp-content\/uploads\/2022\/01\/Gerschlauer_TEAM_NB-150x150.jpg 150w, https:\/\/praxis-gerschlauer.de\/wpcms\/wp-content\/uploads\/2022\/01\/Gerschlauer_TEAM_NB-350x350.jpg 350w\" sizes=\"auto, (max-width: 600px) 100vw, 600px\" \/><\/a><\/div><div class=\"w-person-content\"><h4 itemprop=\"name\" class=\"w-person-name\"><a href=\"http:\/\/praxis-gerschlauer.de\/kinderaerztin-dr-med-nora-bandur\/\" class=\"w-person-link\" aria-label=\"Dr. med. Nora Bandur\"><span>Dr. med. Nora Bandur<\/span><\/a><\/h4><div class=\"w-person-role\" itemprop=\"jobTitle\">Fach\u00e4rztin f\u00fcr Kinder- und Jugendmedizin<\/div><div class=\"w-person-description\" itemprop=\"description\"><p><span class=\"--l --r sentence_highlight\">Pediatrician on the team since 2017.<br \/>\n<\/span><span class=\"--l --r sentence_highlight\">Find out more about pediatrician Dr. med. Nora Bandur &#8230;<\/span><\/p>\n<\/div><\/div><\/div><\/div><\/div><\/div><\/div><div class=\"w-separator size_large\"><\/div><div class=\"g-cols wpb_row via_flex valign_top type_default stacking_default\"><div class=\"vc_col-sm-6 wpb_column vc_column_container\"><div class=\"vc_column-inner\"><div class=\"wpb_wrapper\"><div class=\"w-person layout_circle with_desc\" itemscope itemtype=\"https:\/\/schema.org\/Person\"><div class=\"w-person-image\"><a href=\"https:\/\/praxis-gerschlauer.de\/kinderaerztin-dr-med-katharina-reichert\/\" class=\"w-person-link\" aria-label=\"Katharina Reichert\"><img loading=\"lazy\" decoding=\"async\" width=\"1024\" height=\"1024\" src=\"https:\/\/praxis-gerschlauer.de\/wpcms\/wp-content\/uploads\/2024\/01\/Fot-Katha-web-1024x1024.jpg\" class=\"attachment-large size-large\" alt=\"Praxis Dr. Gerschlauer, Kinderarzt Praxis in Bonn\" itemprop=\"image\" srcset=\"https:\/\/praxis-gerschlauer.de\/wpcms\/wp-content\/uploads\/2024\/01\/Fot-Katha-web-1024x1024.jpg 1024w, https:\/\/praxis-gerschlauer.de\/wpcms\/wp-content\/uploads\/2024\/01\/Fot-Katha-web-300x300.jpg 300w, https:\/\/praxis-gerschlauer.de\/wpcms\/wp-content\/uploads\/2024\/01\/Fot-Katha-web-150x150.jpg 150w, https:\/\/praxis-gerschlauer.de\/wpcms\/wp-content\/uploads\/2024\/01\/Fot-Katha-web-350x350.jpg 350w, https:\/\/praxis-gerschlauer.de\/wpcms\/wp-content\/uploads\/2024\/01\/Fot-Katha-web-600x600.jpg 600w, https:\/\/praxis-gerschlauer.de\/wpcms\/wp-content\/uploads\/2024\/01\/Fot-Katha-web-768x768.jpg 768w, https:\/\/praxis-gerschlauer.de\/wpcms\/wp-content\/uploads\/2024\/01\/Fot-Katha-web.jpg 1800w\" sizes=\"auto, (max-width: 1024px) 100vw, 1024px\" \/><\/a><\/div><div class=\"w-person-content\"><h4 itemprop=\"name\" class=\"w-person-name\"><a href=\"https:\/\/praxis-gerschlauer.de\/kinderaerztin-dr-med-katharina-reichert\/\" class=\"w-person-link\" aria-label=\"Katharina Reichert\"><span>Katharina Reichert<\/span><\/a><\/h4><div class=\"w-person-role\" itemprop=\"jobTitle\">Fach\u00e4rztin f\u00fcr Kinder- und Jugendmedizin<\/div><div class=\"w-person-description\" itemprop=\"description\"><p>Find out more about pediatrician<br \/>\n<a href=\"https:\/\/praxis-gerschlauer.de\/en\/kinderaerztin-dr-med-katharina-reichert-en\/\">Dr. med. Katharina Reichert&#8230;<\/a><\/p>\n<\/div><\/div><\/div><\/div><\/div><\/div><div class=\"vc_col-sm-6 wpb_column vc_column_container\"><div class=\"vc_column-inner\"><div class=\"wpb_wrapper\"><div class=\"w-person layout_circle with_desc\" itemscope itemtype=\"https:\/\/schema.org\/Person\"><div class=\"w-person-image\"><img loading=\"lazy\" decoding=\"async\" width=\"600\" height=\"600\" src=\"https:\/\/praxis-gerschlauer.de\/wpcms\/wp-content\/uploads\/2022\/01\/Gerschlauer_TEAM_CH.png\" class=\"attachment-large size-large\" alt=\"Team Gerschlauer\" itemprop=\"image\" srcset=\"https:\/\/praxis-gerschlauer.de\/wpcms\/wp-content\/uploads\/2022\/01\/Gerschlauer_TEAM_CH.png 600w, https:\/\/praxis-gerschlauer.de\/wpcms\/wp-content\/uploads\/2022\/01\/Gerschlauer_TEAM_CH-300x300.png 300w, https:\/\/praxis-gerschlauer.de\/wpcms\/wp-content\/uploads\/2022\/01\/Gerschlauer_TEAM_CH-150x150.png 150w, https:\/\/praxis-gerschlauer.de\/wpcms\/wp-content\/uploads\/2022\/01\/Gerschlauer_TEAM_CH-350x350.png 350w\" sizes=\"auto, (max-width: 600px) 100vw, 600px\" \/><\/div><div class=\"w-person-content\"><h4 itemprop=\"name\" class=\"w-person-name\"><span>Christin Heuser<\/span><\/h4><div class=\"w-person-role\" itemprop=\"jobTitle\">Medizinische Fachangestellte<\/div><div class=\"w-person-description\" itemprop=\"description\"><p><span class=\"--l --r sentence_highlight\"><span class=\"--l --r hover:bg-&#091;#B4DAE8&#093; hover:dark:bg-blue-next-600\">Former<\/span> <span class=\"--l --r hover:bg-&#091;#B4DAE8&#093; hover:dark:bg-blue-next-600\">trainee<\/span> <span class=\"--l --r hover:bg-&#091;#B4DAE8&#093; hover:dark:bg-blue-next-600\">and<\/span> <span class=\"--l --r hover:bg-&#091;#B4DAE8&#093; hover:dark:bg-blue-next-600\">now<\/span> <span class=\"--l --r hover:bg-&#091;#B4DAE8&#093; hover:dark:bg-blue-next-600\">a<br \/>\nf<\/span><\/span><span class=\"--l --r sentence_highlight\">ull professional in practice<\/span><\/p>\n<\/div><\/div><\/div><\/div><\/div><\/div><\/div><div class=\"g-cols wpb_row via_flex valign_top type_default stacking_default\"><div class=\"vc_col-sm-6 wpb_column vc_column_container\"><div class=\"vc_column-inner\"><div class=\"wpb_wrapper\"><div class=\"w-person layout_circle with_desc\" itemscope itemtype=\"https:\/\/schema.org\/Person\"><div class=\"w-person-image\"><img loading=\"lazy\" decoding=\"async\" width=\"600\" height=\"600\" src=\"https:\/\/praxis-gerschlauer.de\/wpcms\/wp-content\/uploads\/2022\/01\/Gerschlauer_TEAM_KA.png\" class=\"attachment-large size-large\" alt=\"Team Gerschlauer\" itemprop=\"image\" srcset=\"https:\/\/praxis-gerschlauer.de\/wpcms\/wp-content\/uploads\/2022\/01\/Gerschlauer_TEAM_KA.png 600w, https:\/\/praxis-gerschlauer.de\/wpcms\/wp-content\/uploads\/2022\/01\/Gerschlauer_TEAM_KA-300x300.png 300w, https:\/\/praxis-gerschlauer.de\/wpcms\/wp-content\/uploads\/2022\/01\/Gerschlauer_TEAM_KA-150x150.png 150w, https:\/\/praxis-gerschlauer.de\/wpcms\/wp-content\/uploads\/2022\/01\/Gerschlauer_TEAM_KA-350x350.png 350w\" sizes=\"auto, (max-width: 600px) 100vw, 600px\" \/><\/div><div class=\"w-person-content\"><h4 itemprop=\"name\" class=\"w-person-name\"><span>Kathrin Adamczyk<\/span><\/h4><div class=\"w-person-role\" itemprop=\"jobTitle\">Medizinische Fachangestellte<\/div><div class=\"w-person-description\" itemprop=\"description\"><p>We are absolutely delighted to have her back on the team in 2021!<\/p>\n<\/div><\/div><\/div><\/div><\/div><\/div><div class=\"vc_col-sm-6 wpb_column vc_column_container\"><div class=\"vc_column-inner\"><div class=\"wpb_wrapper\"><div class=\"w-person layout_circle with_desc\" itemscope itemtype=\"https:\/\/schema.org\/Person\"><div class=\"w-person-image\"><img loading=\"lazy\" decoding=\"async\" width=\"600\" height=\"600\" src=\"https:\/\/praxis-gerschlauer.de\/wpcms\/wp-content\/uploads\/2022\/01\/Gerschlauer_TEAM_SP.jpg\" class=\"attachment-large size-large\" alt=\"Saskia Pilgrim\" itemprop=\"image\" srcset=\"https:\/\/praxis-gerschlauer.de\/wpcms\/wp-content\/uploads\/2022\/01\/Gerschlauer_TEAM_SP.jpg 600w, https:\/\/praxis-gerschlauer.de\/wpcms\/wp-content\/uploads\/2022\/01\/Gerschlauer_TEAM_SP-300x300.jpg 300w, https:\/\/praxis-gerschlauer.de\/wpcms\/wp-content\/uploads\/2022\/01\/Gerschlauer_TEAM_SP-150x150.jpg 150w, https:\/\/praxis-gerschlauer.de\/wpcms\/wp-content\/uploads\/2022\/01\/Gerschlauer_TEAM_SP-350x350.jpg 350w\" sizes=\"auto, (max-width: 600px) 100vw, 600px\" \/><\/div><div class=\"w-person-content\"><h4 itemprop=\"name\" class=\"w-person-name\"><span>Saskia Pilgrim<\/span><\/h4><div class=\"w-person-role\" itemprop=\"jobTitle\">Auszubildende Medizinische Fachangestellte<\/div><div class=\"w-person-description\" itemprop=\"description\"><p> New to the crew &#8211; out trainee since 2022!<\/p>\n<\/div><\/div><\/div><\/div><\/div><\/div><\/div><div class=\"g-cols wpb_row via_flex valign_top type_default stacking_default\"><div class=\"vc_col-sm-6 wpb_column vc_column_container\"><div class=\"vc_column-inner\"><div class=\"wpb_wrapper\"><div class=\"w-person layout_circle with_desc\" itemscope itemtype=\"https:\/\/schema.org\/Person\"><div class=\"w-person-image\"><a target=\"_blank\" href=\"https:\/\/ess-concept.de\/\" class=\"w-person-link\" aria-label=\"Andrea Gerschlauer\"><img loading=\"lazy\" decoding=\"async\" width=\"600\" height=\"600\" src=\"https:\/\/praxis-gerschlauer.de\/wpcms\/wp-content\/uploads\/2022\/01\/Gerschlauer_TEAM_AG2.png\" class=\"attachment-large size-large\" alt=\"Andrea Gerschlauer\" itemprop=\"image\" srcset=\"https:\/\/praxis-gerschlauer.de\/wpcms\/wp-content\/uploads\/2022\/01\/Gerschlauer_TEAM_AG2.png 600w, https:\/\/praxis-gerschlauer.de\/wpcms\/wp-content\/uploads\/2022\/01\/Gerschlauer_TEAM_AG2-300x300.png 300w, https:\/\/praxis-gerschlauer.de\/wpcms\/wp-content\/uploads\/2022\/01\/Gerschlauer_TEAM_AG2-150x150.png 150w, https:\/\/praxis-gerschlauer.de\/wpcms\/wp-content\/uploads\/2022\/01\/Gerschlauer_TEAM_AG2-350x350.png 350w\" sizes=\"auto, (max-width: 600px) 100vw, 600px\" \/><\/a><\/div><div class=\"w-person-content\"><h4 itemprop=\"name\" class=\"w-person-name\"><a target=\"_blank\" href=\"https:\/\/ess-concept.de\/\" class=\"w-person-link\" aria-label=\"Andrea Gerschlauer\"><span>Andrea Gerschlauer<\/span><\/a><\/h4><div class=\"w-person-role\" itemprop=\"jobTitle\">Ern\u00e4hrungs- und Lebensmittelwissenschaftlerin (B.Sc.) Examinierte Kinderkrankenschwester<\/div><div class=\"w-person-description\" itemprop=\"description\"><p><span class=\"--l --r sentence_highlight\">Purchases, practice decoration, books, aquarium&#8230;<\/span><span class=\"--l --r sentence_highlight\">Self-employed in her own practice for nutritional counseling and therapy in Bonn <\/span><span class=\"--l --r sentence_highlight\"><span class=\" --l --r\">&#8220;<\/span><span class=\" --l --r\">ess<\/span><span class=\" --l --r\">&#8211;<\/span><span class=\" --l --r\">concept<\/span><\/span><\/p>\n<p>&nbsp;<\/p>\n<\/div><\/div><\/div><\/div><\/div><\/div><div class=\"vc_col-sm-6 wpb_column vc_column_container\"><div class=\"vc_column-inner\"><div class=\"wpb_wrapper\"><\/div><\/div><\/div><\/div><div class=\"w-separator size_large\"><\/div><div class=\"g-cols wpb_row via_flex valign_top type_default stacking_default\"><div class=\"vc_col-sm-6 wpb_column vc_column_container\"><div class=\"vc_column-inner\"><div class=\"wpb_wrapper\"><\/div><\/div><\/div><div class=\"vc_col-sm-6 wpb_column vc_column_container\"><div class=\"vc_column-inner\"><div class=\"wpb_wrapper\"><\/div><\/div><\/div><\/div><div class=\"w-separator size_large\"><\/div><div class=\"g-cols wpb_row us_custom_d2199d32 via_flex valign_top type_default stacking_default\"><div class=\"vc_col-sm-6 wpb_column vc_column_container\"><div class=\"vc_column-inner\"><div class=\"wpb_wrapper\"><\/div><\/div><\/div><div class=\"vc_col-sm-6 wpb_column vc_column_container\"><div class=\"vc_column-inner\"><div class=\"wpb_wrapper\"><\/div><\/div><\/div><\/div><\/div><\/div><\/div><\/div><\/div><\/section>\n","protected":false},"excerpt":{"rendered":"Our team Dr. med. Axel GerschlauerFacharzt f\u00fcr Kinder- und JugendmedizinIn Bonn-S\u00fcdstadt since 2006 Learn more about pediatrician Dr. med. Axel Gerschlauer ... Dr. med. Nora BandurFach\u00e4rztin f\u00fcr Kinder- und JugendmedizinPediatrician on the team since 2017. Find out more about pediatrician Dr. med. Nora Bandur ... Katharina ReichertFach\u00e4rztin f\u00fcr Kinder- und JugendmedizinFind out more about pediatrician...","protected":false},"author":1,"featured_media":0,"parent":0,"menu_order":0,"comment_status":"closed","ping_status":"closed","template":"","meta":{"footnotes":""},"class_list":["post-5093","page","type-page","status-publish","hentry"],"_links":{"self":[{"href":"https:\/\/praxis-gerschlauer.de\/en\/wp-json\/wp\/v2\/pages\/5093","targetHints":{"allow":["GET"]}}],"collection":[{"href":"https:\/\/praxis-gerschlauer.de\/en\/wp-json\/wp\/v2\/pages"}],"about":[{"href":"https:\/\/praxis-gerschlauer.de\/en\/wp-json\/wp\/v2\/types\/page"}],"author":[{"embeddable":true,"href":"https:\/\/praxis-gerschlauer.de\/en\/wp-json\/wp\/v2\/users\/1"}],"replies":[{"embeddable":true,"href":"https:\/\/praxis-gerschlauer.de\/en\/wp-json\/wp\/v2\/comments?post=5093"}],"version-history":[{"count":43,"href":"https:\/\/praxis-gerschlauer.de\/en\/wp-json\/wp\/v2\/pages\/5093\/revisions"}],"predecessor-version":[{"id":5928,"href":"https:\/\/praxis-gerschlauer.de\/en\/wp-json\/wp\/v2\/pages\/5093\/revisions\/5928"}],"wp:attachment":[{"href":"https:\/\/praxis-gerschlauer.de\/en\/wp-json\/wp\/v2\/media?parent=5093"}],"curies":[{"name":"wp","href":"https:\/\/api.w.org\/{rel}","templated":true}]}}